{"id":372,"date":"2016-10-07T10:04:23","date_gmt":"2016-10-07T09:04:23","guid":{"rendered":"http:\/\/hotel-union.cz\/en\/?page_id=372"},"modified":"2021-06-28T09:53:31","modified_gmt":"2021-06-28T08:53:31","slug":"louny","status":"publish","type":"page","link":"https:\/\/hotel-union.cz\/en\/louny\/","title":{"rendered":"Louny"},"content":{"rendered":"<div class=\"fusion-fullwidth fullwidth-box fusion-builder-row-1 nonhundred-percent-fullwidth non-hundred-percent-height-scrolling\" style=\"background-color: rgba(255,255,255,0);background-position: left top;background-repeat: no-repeat;padding-top:20px;padding-right:0px;padding-bottom:20px;padding-left:0px;margin-bottom: 0px;margin-top: 0px;border-width: 0px 0px 0px 0px;border-color:#eae9e9;border-style:solid;\" ><div class=\"fusion-builder-row fusion-row\"><div class=\"fusion-layout-column fusion_builder_column fusion-builder-column-0 fusion_builder_column_1_1 1_1 fusion-one-full fusion-column-first fusion-column-last\" style=\"margin-top:0px;margin-bottom:20px;\"><div class=\"fusion-column-wrapper fusion-flex-column-wrapper-legacy\" style=\"background-position:left top;background-repeat:no-repeat;-webkit-background-size:cover;-moz-background-size:cover;-o-background-size:cover;background-size:cover;padding: 0px 0px 0px 0px;\"><div class=\"fusion-text fusion-text-1\"><h2 style=\"text-align: center;\">LOUNY<\/h2>\n<p style=\"text-align: justify;\">Louny (Czech pronunciation: [\u02c8lou\u032fn\u026a]; German: Laun) is a town in the \u00dast\u00ed nad Labem Region of the Czech Republic. It is situated on the River Oh\u0159e. The city was founded in the 12th century (the first known written record dates from 1115). The Church of St Peter stands on the site of the original fort. The original name was Luna, which is retained in the name of a local park, Pramen Luna, and accounts for the Moon as part of the town&#8217;s emblem.[1] The town developed and expanded during the reign of Ottokar I of Bohemia, although the Thirty Years&#8217; War depopulated the city. The second half of the 19th century witnessed the economic growth of the area.<\/p>\n<p style=\"text-align: justify;\">Until 1918, LAUN &#8211; LOUNY was part of the Austrian monarchy (Austria side after the compromise of 1867), in the district of the same name, one of the 94 Bezirkshauptmannschaften in Bohemia. \u00a0The town lies on a railway junction and a factory for overhauling railway engines and rolling stock was established in 1873[3] which became a major employer and contributed to the town&#8217;s expansion during the early 20th century. The former state company has now been privatized, but remains the town&#8217;s largest employer with a workforce of 750.\u00a0Other industries include a brewery (from the hops which are grown in the region) and a factory making porcelain electrical insulators for power cables, etc.<br \/>\nThe town&#8217;s architecture was formed mainly in the 19th and 20th centuries when many old buildings were torn down. Nevertheless, the most important architectural feature is Roman Catholic St. Nicholas Church, erected between 1517 and 1537 in the late Gothic style.[4] One of the architects was Benedikt Rejt. It incorporates a tower from an earlier church which was otherwise destroyed along with most of the town by a major fire in 1517.\u00a0Parts of the city ramparts remain, as does the \u017datec gate which dates from 1500 but was reconstructed in 1872.\u00a0An Open-Air Museum of Archeology is located in nearby B\u0159ezno.<\/p>\n<\/div><div class=\"fusion-image-carousel fusion-image-carousel-fixed lightbox-enabled fusion-carousel-border\"><div class=\"fusion-carousel\" data-autoplay=\"no\" data-columns=\"5\" data-itemmargin=\"13\" data-itemwidth=\"180\" data-touchscroll=\"no\" data-imagesize=\"fixed\"><div class=\"fusion-carousel-positioner\"><ul class=\"fusion-carousel-holder\"><li class=\"fusion-carousel-item\"><div class=\"fusion-carousel-item-wrapper\"><div class=\"fusion-image-wrapper hover-type-none\"><a data-rel=\"iLightbox[image_carousel_1]\" href=\"http:\/\/hotel-union.cz\/wp-content\/uploads\/2016\/10\/duben-2014-254a.jpg\" target=\"_self\"><img src=\"http:\/\/hotel-union.cz\/wp-content\/uploads\/2016\/10\/duben-2014-254a.jpg\" alt=\"\"\/><\/a><\/div><\/div><\/li><li class=\"fusion-carousel-item\"><div class=\"fusion-carousel-item-wrapper\"><div class=\"fusion-image-wrapper hover-type-none\"><a data-rel=\"iLightbox[image_carousel_1]\" href=\"http:\/\/hotel-union.cz\/wp-content\/uploads\/2016\/10\/duben-2014-257a.jpg\" target=\"_self\"><img src=\"http:\/\/hotel-union.cz\/wp-content\/uploads\/2016\/10\/duben-2014-257a.jpg\" alt=\"\"\/><\/a><\/div><\/div><\/li><li class=\"fusion-carousel-item\"><div class=\"fusion-carousel-item-wrapper\"><div class=\"fusion-image-wrapper hover-type-none\"><a data-rel=\"iLightbox[image_carousel_1]\" href=\"http:\/\/hotel-union.cz\/wp-content\/uploads\/2016\/10\/duben-2014-258a.jpg\" target=\"_self\"><img src=\"http:\/\/hotel-union.cz\/wp-content\/uploads\/2016\/10\/duben-2014-258a.jpg\" alt=\"\"\/><\/a><\/div><\/div><\/li><li class=\"fusion-carousel-item\"><div class=\"fusion-carousel-item-wrapper\"><div class=\"fusion-image-wrapper hover-type-none\"><a data-rel=\"iLightbox[image_carousel_1]\" href=\"http:\/\/hotel-union.cz\/wp-content\/uploads\/2016\/10\/duben-2014-260a.jpg\" target=\"_self\"><img src=\"http:\/\/hotel-union.cz\/wp-content\/uploads\/2016\/10\/duben-2014-260a.jpg\" alt=\"\"\/><\/a><\/div><\/div><\/li><li class=\"fusion-carousel-item\"><div class=\"fusion-carousel-item-wrapper\"><div class=\"fusion-image-wrapper hover-type-none\"><a data-rel=\"iLightbox[image_carousel_1]\" href=\"http:\/\/hotel-union.cz\/wp-content\/uploads\/2016\/10\/duben-2014-262a.jpg\" target=\"_self\"><img src=\"http:\/\/hotel-union.cz\/wp-content\/uploads\/2016\/10\/duben-2014-262a.jpg\" alt=\"\"\/><\/a><\/div><\/div><\/li><li class=\"fusion-carousel-item\"><div class=\"fusion-carousel-item-wrapper\"><div class=\"fusion-image-wrapper hover-type-none\"><a data-rel=\"iLightbox[image_carousel_1]\" href=\"http:\/\/hotel-union.cz\/wp-content\/uploads\/2016\/10\/duben-2014-278a.jpg\" target=\"_self\"><img src=\"http:\/\/hotel-union.cz\/wp-content\/uploads\/2016\/10\/duben-2014-278a.jpg\" alt=\"\"\/><\/a><\/div><\/div><\/li><li class=\"fusion-carousel-item\"><div class=\"fusion-carousel-item-wrapper\"><div class=\"fusion-image-wrapper hover-type-none\"><a data-rel=\"iLightbox[image_carousel_1]\" href=\"http:\/\/hotel-union.cz\/wp-content\/uploads\/2016\/10\/duben-2014-281a.jpg\" target=\"_self\"><img src=\"http:\/\/hotel-union.cz\/wp-content\/uploads\/2016\/10\/duben-2014-281a.jpg\" alt=\"\"\/><\/a><\/div><\/div><\/li><li class=\"fusion-carousel-item\"><div class=\"fusion-carousel-item-wrapper\"><div class=\"fusion-image-wrapper hover-type-none\"><a data-rel=\"iLightbox[image_carousel_1]\" href=\"http:\/\/hotel-union.cz\/wp-content\/uploads\/2016\/10\/duben-2014-287a.jpg\" target=\"_self\"><img src=\"http:\/\/hotel-union.cz\/wp-content\/uploads\/2016\/10\/duben-2014-287a.jpg\" alt=\"\"\/><\/a><\/div><\/div><\/li><li class=\"fusion-carousel-item\"><div class=\"fusion-carousel-item-wrapper\"><div class=\"fusion-image-wrapper hover-type-none\"><a data-rel=\"iLightbox[image_carousel_1]\" href=\"http:\/\/hotel-union.cz\/wp-content\/uploads\/2016\/10\/duben-2014-308a.jpg\" target=\"_self\"><img src=\"http:\/\/hotel-union.cz\/wp-content\/uploads\/2016\/10\/duben-2014-308a.jpg\" alt=\"\"\/><\/a><\/div><\/div><\/li><li class=\"fusion-carousel-item\"><div class=\"fusion-carousel-item-wrapper\"><div class=\"fusion-image-wrapper hover-type-none\"><a data-rel=\"iLightbox[image_carousel_1]\" href=\"http:\/\/hotel-union.cz\/wp-content\/uploads\/2016\/10\/duben-2014-316a.jpg\" target=\"_self\"><img src=\"http:\/\/hotel-union.cz\/wp-content\/uploads\/2016\/10\/duben-2014-316a.jpg\" alt=\"\"\/><\/a><\/div><\/div><\/li><li class=\"fusion-carousel-item\"><div class=\"fusion-carousel-item-wrapper\"><div class=\"fusion-image-wrapper hover-type-none\"><a data-rel=\"iLightbox[image_carousel_1]\" href=\"http:\/\/hotel-union.cz\/wp-content\/uploads\/2016\/10\/duben-2014-319a.jpg\" target=\"_self\"><img src=\"http:\/\/hotel-union.cz\/wp-content\/uploads\/2016\/10\/duben-2014-319a.jpg\" alt=\"\"\/><\/a><\/div><\/div><\/li><\/ul><div class=\"fusion-carousel-nav\"><span class=\"fusion-nav-prev\"><\/span><span class=\"fusion-nav-next\"><\/span><\/div><\/div><\/div><\/div><div class=\"fusion-clearfix\"><\/div><\/div><\/div><\/div><\/div>\n","protected":false},"excerpt":{"rendered":"","protected":false},"author":2,"featured_media":0,"parent":0,"menu_order":0,"comment_status":"closed","ping_status":"closed","template":"","meta":{"ngg_post_thumbnail":0},"yoast_head":"<!-- This site is optimized with the Yoast SEO plugin v16.5 - https:\/\/yoast.com\/wordpress\/plugins\/seo\/ -->\n<title>Louny - Hotel Union Louny<\/title>\n<meta name=\"robots\" content=\"index, follow, max-snippet:-1, max-image-preview:large, max-video-preview:-1\" \/>\n<link rel=\"canonical\" href=\"https:\/\/hotel-union.cz\/en\/louny\/\" \/>\n<meta property=\"og:locale\" content=\"en_US\" \/>\n<meta property=\"og:type\" content=\"article\" \/>\n<meta property=\"og:title\" content=\"Louny - Hotel Union Louny\" \/>\n<meta property=\"og:url\" content=\"https:\/\/hotel-union.cz\/en\/louny\/\" \/>\n<meta property=\"og:site_name\" content=\"Hotel Union Louny\" \/>\n<meta property=\"article:modified_time\" content=\"2021-06-28T08:53:31+00:00\" \/>\n<meta name=\"twitter:card\" content=\"summary\" \/>\n<meta name=\"twitter:label1\" content=\"Est. reading time\" \/>\n\t<meta name=\"twitter:data1\" content=\"3 minutes\" \/>\n<script type=\"application\/ld+json\" class=\"yoast-schema-graph\">{\"@context\":\"https:\/\/schema.org\",\"@graph\":[{\"@type\":\"WebSite\",\"@id\":\"https:\/\/hotel-union.cz\/#website\",\"url\":\"https:\/\/hotel-union.cz\/\",\"name\":\"Hotel Union Louny\",\"description\":\"Hotel Union Louny je p\\u0159ipraven nab\\u00eddnout na\\u0161im host\\u016fm jen ty nejlep\\u0161\\u00ed slu\\u017eby.\",\"potentialAction\":[{\"@type\":\"SearchAction\",\"target\":\"https:\/\/hotel-union.cz\/?s={search_term_string}\",\"query-input\":\"required name=search_term_string\"}],\"inLanguage\":\"en-US\"},{\"@type\":\"WebPage\",\"@id\":\"https:\/\/hotel-union.cz\/en\/louny\/#webpage\",\"url\":\"https:\/\/hotel-union.cz\/en\/louny\/\",\"name\":\"Louny - Hotel Union Louny\",\"isPartOf\":{\"@id\":\"https:\/\/hotel-union.cz\/#website\"},\"datePublished\":\"2016-10-07T09:04:23+00:00\",\"dateModified\":\"2021-06-28T08:53:31+00:00\",\"breadcrumb\":{\"@id\":\"https:\/\/hotel-union.cz\/en\/louny\/#breadcrumb\"},\"inLanguage\":\"en-US\",\"potentialAction\":[{\"@type\":\"ReadAction\",\"target\":[\"https:\/\/hotel-union.cz\/en\/louny\/\"]}]},{\"@type\":\"BreadcrumbList\",\"@id\":\"https:\/\/hotel-union.cz\/en\/louny\/#breadcrumb\",\"itemListElement\":[{\"@type\":\"ListItem\",\"position\":1,\"name\":\"Dom\\u016f\",\"item\":\"https:\/\/hotel-union.cz\/\"},{\"@type\":\"ListItem\",\"position\":2,\"name\":\"Louny\"}]}]}<\/script>\n<!-- \/ Yoast SEO plugin. -->","_links":{"self":[{"href":"https:\/\/hotel-union.cz\/en\/wp-json\/wp\/v2\/pages\/372"}],"collection":[{"href":"https:\/\/hotel-union.cz\/en\/wp-json\/wp\/v2\/pages"}],"about":[{"href":"https:\/\/hotel-union.cz\/en\/wp-json\/wp\/v2\/types\/page"}],"author":[{"embeddable":true,"href":"https:\/\/hotel-union.cz\/en\/wp-json\/wp\/v2\/users\/2"}],"replies":[{"embeddable":true,"href":"https:\/\/hotel-union.cz\/en\/wp-json\/wp\/v2\/comments?post=372"}],"version-history":[{"count":4,"href":"https:\/\/hotel-union.cz\/en\/wp-json\/wp\/v2\/pages\/372\/revisions"}],"predecessor-version":[{"id":905,"href":"https:\/\/hotel-union.cz\/en\/wp-json\/wp\/v2\/pages\/372\/revisions\/905"}],"wp:attachment":[{"href":"https:\/\/hotel-union.cz\/en\/wp-json\/wp\/v2\/media?parent=372"}],"curies":[{"name":"wp","href":"https:\/\/api.w.org\/{rel}","templated":true}]}}