{"id":376,"date":"2016-10-07T10:08:35","date_gmt":"2016-10-07T09:08:35","guid":{"rendered":"http:\/\/hotel-union.cz\/de\/?page_id=376"},"modified":"2021-06-28T09:53:31","modified_gmt":"2021-06-28T08:53:31","slug":"louny-2","status":"publish","type":"page","link":"https:\/\/hotel-union.cz\/de\/louny-2\/","title":{"rendered":"Louny"},"content":{"rendered":"<div class=\"fusion-fullwidth fullwidth-box fusion-builder-row-1 nonhundred-percent-fullwidth non-hundred-percent-height-scrolling\" style=\"background-color: rgba(255,255,255,0);background-position: left top;background-repeat: no-repeat;padding-top:20px;padding-right:0px;padding-bottom:20px;padding-left:0px;margin-bottom: 0px;margin-top: 0px;border-width: 0px 0px 0px 0px;border-color:#eae9e9;border-style:solid;\" ><div class=\"fusion-builder-row fusion-row\"><div class=\"fusion-layout-column fusion_builder_column fusion-builder-column-0 fusion_builder_column_1_1 1_1 fusion-one-full fusion-column-first fusion-column-last\" style=\"margin-top:0px;margin-bottom:20px;\"><div class=\"fusion-column-wrapper fusion-flex-column-wrapper-legacy\" style=\"background-position:left top;background-repeat:no-repeat;-webkit-background-size:cover;-moz-background-size:cover;-o-background-size:cover;background-size:cover;padding: 0px 0px 0px 0px;\"><div class=\"fusion-text fusion-text-1\"><h2 style=\"text-align: center;\">LOUNY<\/h2>\n<p>Louny (deutsch Laun) ist eine Stadt in der nordb\u00f6hmischen Region \u00dasteck\u00fd. Die Bezirksstadt am Ufer der Eger hat 18.476 Einwohner (2014).<\/p>\n<h3 style=\"text-align: center;\"><span id=\"Sehensw.C3.BCrdigkeiten\" class=\"mw-headline\">Sehensw\u00fcrdigkeiten<\/span><\/h3>\n<div class=\"thumb tright\"><\/div>\n<ul>\n<li>Das wertvollste, weithin sichtbare Baudenkmal ist die St. Nikolaus-Kirche. Die <a title=\"Gotik\" href=\"https:\/\/de.wikipedia.org\/wiki\/Gotik\">sp\u00e4tgotische<\/a> <a title=\"Kirchenschiff\" href=\"https:\/\/de.wikipedia.org\/wiki\/Kirchenschiff\">dreischiffige<\/a> Kirche mit T\u00fcrmen aus dem 14. Jahrhundert wurde in den Jahren 1520\u201338 von dem ber\u00fchmten k\u00f6niglichen Architekten <a title=\"Benedikt Ried\" href=\"https:\/\/de.wikipedia.org\/wiki\/Benedikt_Ried\">Benedikt Ried<\/a> aus <a title=\"Markt Piesting\" href=\"https:\/\/de.wikipedia.org\/wiki\/Markt_Piesting\">Piesting<\/a> im Geist der Vladislaver <a title=\"Gotik\" href=\"https:\/\/de.wikipedia.org\/wiki\/Gotik\">Gotik<\/a> erbaut. An der Wende zum 20. Jahrhundert wurde sie rekonstruiert. In Louny ist eine Galerie zu seinen Ehren eingerichtet.<\/li>\n<li>Der Einfluss der j\u00fcdischen Bev\u00f6lkerung in der Stadt l\u00e4sst sich aus der Lage der erhaltenen Geb\u00e4ude in der Stadt erkennen. Es gab, wie in den anderen St\u00e4dten, einen abgeschlossenen Bereich. Die ehemalige Judenstra\u00dfe, das sogenannte <a title=\"Ghetto\" href=\"https:\/\/de.wikipedia.org\/wiki\/Ghetto\">Ghetto<\/a>, die heutige \u010cesk\u00e1 Ulice, ist in ihrem oberen Teil erhalten geblieben. Die <a title=\"Synagoge (Louny)\" href=\"https:\/\/de.wikipedia.org\/wiki\/Synagoge_(Louny)\">Synagoge<\/a> ist heute ein Archiv. Der <a title=\"J\u00fcdischer Friedhof (Louny)\" href=\"https:\/\/de.wikipedia.org\/wiki\/J%C3%BCdischer_Friedhof_(Louny)\">j\u00fcdische Friedhof<\/a> ist ebenfalls noch erhalten.<\/li>\n<li>Die massiven <a title=\"Stadtmauer\" href=\"https:\/\/de.wikipedia.org\/wiki\/Stadtmauer\">Stadtmauern<\/a> aus dem 12. Jahrhundert sind weitgehend erhalten und instand gesetzt worden. Sie sind neben dem <a title=\"Saazer Tor\" href=\"https:\/\/de.wikipedia.org\/wiki\/Saazer_Tor\">Saazer Tor<\/a> (tschech. <i>\u017dateck\u00e1 br\u00e1na<\/i>) ein Zeugnis des ehemaligen Reichtums der Stadt und ihrer Einwohner.<\/li>\n<li>Das \u00f6rtliche Museum, in einem ehemaligen m\u00e4chtigen Herrenhaus untergebracht, widmet sich der Geschichte der Stadt.<\/li>\n<li>Weitere bemerkenswerte Kirchen in Louny sind die Kirche St. Peter aus dem 14. Jahrhundert, sowie die Kirche der Mutter Jesu Christi aus dem Jahre 1493.<\/li>\n<li>Der Kirchenbau der <a title=\"Tschechoslowakische Hussitische Kirche\" href=\"https:\/\/de.wikipedia.org\/wiki\/Tschechoslowakische_Hussitische_Kirche\">Tschechoslowakischen Hussitischen Kirche<\/a> an der Stra\u00dfe Jakoubkova wurde im Stil der Neuen Sachlichkeit errichtet.<\/li>\n<li>Die erhaltene Mineralquelle \u201eLuna\u201c befindet sich auf dem Gel\u00e4nde des Krankenhauses und ist zug\u00e4nglich. Dem Wasser wird heilende Wirkung nachgesagt, viele Menschen benutzen es auch heute noch f\u00fcr die Behandlung von Schnittwunden.<\/li>\n<\/ul>\n<\/div><div class=\"fusion-image-carousel fusion-image-carousel-fixed lightbox-enabled fusion-carousel-border\"><div class=\"fusion-carousel\" data-autoplay=\"no\" data-columns=\"5\" data-itemmargin=\"13\" data-itemwidth=\"180\" data-touchscroll=\"no\" data-imagesize=\"fixed\"><div class=\"fusion-carousel-positioner\"><ul class=\"fusion-carousel-holder\"><li class=\"fusion-carousel-item\"><div class=\"fusion-carousel-item-wrapper\"><div class=\"fusion-image-wrapper hover-type-none\"><a data-rel=\"iLightbox[image_carousel_1]\" href=\"http:\/\/hotel-union.cz\/wp-content\/uploads\/2016\/10\/duben-2014-254a.jpg\" target=\"_self\"><img src=\"http:\/\/hotel-union.cz\/wp-content\/uploads\/2016\/10\/duben-2014-254a.jpg\" alt=\"\"\/><\/a><\/div><\/div><\/li><li class=\"fusion-carousel-item\"><div class=\"fusion-carousel-item-wrapper\"><div class=\"fusion-image-wrapper hover-type-none\"><a data-rel=\"iLightbox[image_carousel_1]\" href=\"http:\/\/hotel-union.cz\/wp-content\/uploads\/2016\/10\/duben-2014-257a.jpg\" target=\"_self\"><img src=\"http:\/\/hotel-union.cz\/wp-content\/uploads\/2016\/10\/duben-2014-257a.jpg\" alt=\"\"\/><\/a><\/div><\/div><\/li><li class=\"fusion-carousel-item\"><div class=\"fusion-carousel-item-wrapper\"><div class=\"fusion-image-wrapper hover-type-none\"><a data-rel=\"iLightbox[image_carousel_1]\" href=\"http:\/\/hotel-union.cz\/wp-content\/uploads\/2016\/10\/duben-2014-258a.jpg\" target=\"_self\"><img src=\"http:\/\/hotel-union.cz\/wp-content\/uploads\/2016\/10\/duben-2014-258a.jpg\" alt=\"\"\/><\/a><\/div><\/div><\/li><li class=\"fusion-carousel-item\"><div class=\"fusion-carousel-item-wrapper\"><div class=\"fusion-image-wrapper hover-type-none\"><a data-rel=\"iLightbox[image_carousel_1]\" href=\"http:\/\/hotel-union.cz\/wp-content\/uploads\/2016\/10\/duben-2014-260a.jpg\" target=\"_self\"><img src=\"http:\/\/hotel-union.cz\/wp-content\/uploads\/2016\/10\/duben-2014-260a.jpg\" alt=\"\"\/><\/a><\/div><\/div><\/li><li class=\"fusion-carousel-item\"><div class=\"fusion-carousel-item-wrapper\"><div class=\"fusion-image-wrapper hover-type-none\"><a data-rel=\"iLightbox[image_carousel_1]\" href=\"http:\/\/hotel-union.cz\/wp-content\/uploads\/2016\/10\/duben-2014-262a.jpg\" target=\"_self\"><img src=\"http:\/\/hotel-union.cz\/wp-content\/uploads\/2016\/10\/duben-2014-262a.jpg\" alt=\"\"\/><\/a><\/div><\/div><\/li><li class=\"fusion-carousel-item\"><div class=\"fusion-carousel-item-wrapper\"><div class=\"fusion-image-wrapper hover-type-none\"><a data-rel=\"iLightbox[image_carousel_1]\" href=\"http:\/\/hotel-union.cz\/wp-content\/uploads\/2016\/10\/duben-2014-278a.jpg\" target=\"_self\"><img src=\"http:\/\/hotel-union.cz\/wp-content\/uploads\/2016\/10\/duben-2014-278a.jpg\" alt=\"\"\/><\/a><\/div><\/div><\/li><li class=\"fusion-carousel-item\"><div class=\"fusion-carousel-item-wrapper\"><div class=\"fusion-image-wrapper hover-type-none\"><a data-rel=\"iLightbox[image_carousel_1]\" href=\"http:\/\/hotel-union.cz\/wp-content\/uploads\/2016\/10\/duben-2014-281a.jpg\" target=\"_self\"><img src=\"http:\/\/hotel-union.cz\/wp-content\/uploads\/2016\/10\/duben-2014-281a.jpg\" alt=\"\"\/><\/a><\/div><\/div><\/li><li class=\"fusion-carousel-item\"><div class=\"fusion-carousel-item-wrapper\"><div class=\"fusion-image-wrapper hover-type-none\"><a data-rel=\"iLightbox[image_carousel_1]\" href=\"http:\/\/hotel-union.cz\/wp-content\/uploads\/2016\/10\/duben-2014-287a.jpg\" target=\"_self\"><img src=\"http:\/\/hotel-union.cz\/wp-content\/uploads\/2016\/10\/duben-2014-287a.jpg\" alt=\"\"\/><\/a><\/div><\/div><\/li><li class=\"fusion-carousel-item\"><div class=\"fusion-carousel-item-wrapper\"><div class=\"fusion-image-wrapper hover-type-none\"><a data-rel=\"iLightbox[image_carousel_1]\" href=\"http:\/\/hotel-union.cz\/wp-content\/uploads\/2016\/10\/duben-2014-308a.jpg\" target=\"_self\"><img src=\"http:\/\/hotel-union.cz\/wp-content\/uploads\/2016\/10\/duben-2014-308a.jpg\" alt=\"\"\/><\/a><\/div><\/div><\/li><li class=\"fusion-carousel-item\"><div class=\"fusion-carousel-item-wrapper\"><div class=\"fusion-image-wrapper hover-type-none\"><a data-rel=\"iLightbox[image_carousel_1]\" href=\"http:\/\/hotel-union.cz\/wp-content\/uploads\/2016\/10\/duben-2014-316a.jpg\" target=\"_self\"><img src=\"http:\/\/hotel-union.cz\/wp-content\/uploads\/2016\/10\/duben-2014-316a.jpg\" alt=\"\"\/><\/a><\/div><\/div><\/li><li class=\"fusion-carousel-item\"><div class=\"fusion-carousel-item-wrapper\"><div class=\"fusion-image-wrapper hover-type-none\"><a data-rel=\"iLightbox[image_carousel_1]\" href=\"http:\/\/hotel-union.cz\/wp-content\/uploads\/2016\/10\/duben-2014-319a.jpg\" target=\"_self\"><img src=\"http:\/\/hotel-union.cz\/wp-content\/uploads\/2016\/10\/duben-2014-319a.jpg\" alt=\"\"\/><\/a><\/div><\/div><\/li><\/ul><div class=\"fusion-carousel-nav\"><span class=\"fusion-nav-prev\"><\/span><span class=\"fusion-nav-next\"><\/span><\/div><\/div><\/div><\/div><div class=\"fusion-clearfix\"><\/div><\/div><\/div><\/div><\/div>\n","protected":false},"excerpt":{"rendered":"","protected":false},"author":2,"featured_media":0,"parent":0,"menu_order":0,"comment_status":"closed","ping_status":"closed","template":"","meta":{"ngg_post_thumbnail":0},"yoast_head":"<!-- This site is optimized with the Yoast SEO plugin v16.5 - https:\/\/yoast.com\/wordpress\/plugins\/seo\/ -->\n<title>Louny - Hotel Union Louny<\/title>\n<meta name=\"robots\" content=\"index, follow, max-snippet:-1, max-image-preview:large, max-video-preview:-1\" \/>\n<link rel=\"canonical\" href=\"https:\/\/hotel-union.cz\/de\/louny-2\/\" \/>\n<meta property=\"og:locale\" content=\"de_DE\" \/>\n<meta property=\"og:type\" content=\"article\" \/>\n<meta property=\"og:title\" content=\"Louny - Hotel Union Louny\" \/>\n<meta property=\"og:url\" content=\"https:\/\/hotel-union.cz\/de\/louny-2\/\" \/>\n<meta property=\"og:site_name\" content=\"Hotel Union Louny\" \/>\n<meta property=\"article:modified_time\" content=\"2021-06-28T08:53:31+00:00\" \/>\n<meta name=\"twitter:card\" content=\"summary\" \/>\n<meta name=\"twitter:label1\" content=\"Est. reading time\" \/>\n\t<meta name=\"twitter:data1\" content=\"3 minutes\" \/>\n<script type=\"application\/ld+json\" class=\"yoast-schema-graph\">{\"@context\":\"https:\/\/schema.org\",\"@graph\":[{\"@type\":\"WebSite\",\"@id\":\"https:\/\/hotel-union.cz\/#website\",\"url\":\"https:\/\/hotel-union.cz\/\",\"name\":\"Hotel Union Louny\",\"description\":\"Hotel Union Louny je p\\u0159ipraven nab\\u00eddnout na\\u0161im host\\u016fm jen ty nejlep\\u0161\\u00ed slu\\u017eby.\",\"potentialAction\":[{\"@type\":\"SearchAction\",\"target\":\"https:\/\/hotel-union.cz\/?s={search_term_string}\",\"query-input\":\"required name=search_term_string\"}],\"inLanguage\":\"de-DE\"},{\"@type\":\"WebPage\",\"@id\":\"https:\/\/hotel-union.cz\/de\/louny-2\/#webpage\",\"url\":\"https:\/\/hotel-union.cz\/de\/louny-2\/\",\"name\":\"Louny - Hotel Union Louny\",\"isPartOf\":{\"@id\":\"https:\/\/hotel-union.cz\/#website\"},\"datePublished\":\"2016-10-07T09:08:35+00:00\",\"dateModified\":\"2021-06-28T08:53:31+00:00\",\"breadcrumb\":{\"@id\":\"https:\/\/hotel-union.cz\/de\/louny-2\/#breadcrumb\"},\"inLanguage\":\"de-DE\",\"potentialAction\":[{\"@type\":\"ReadAction\",\"target\":[\"https:\/\/hotel-union.cz\/de\/louny-2\/\"]}]},{\"@type\":\"BreadcrumbList\",\"@id\":\"https:\/\/hotel-union.cz\/de\/louny-2\/#breadcrumb\",\"itemListElement\":[{\"@type\":\"ListItem\",\"position\":1,\"name\":\"Dom\\u016f\",\"item\":\"https:\/\/hotel-union.cz\/\"},{\"@type\":\"ListItem\",\"position\":2,\"name\":\"Louny\"}]}]}<\/script>\n<!-- \/ Yoast SEO plugin. -->","_links":{"self":[{"href":"https:\/\/hotel-union.cz\/de\/wp-json\/wp\/v2\/pages\/376"}],"collection":[{"href":"https:\/\/hotel-union.cz\/de\/wp-json\/wp\/v2\/pages"}],"about":[{"href":"https:\/\/hotel-union.cz\/de\/wp-json\/wp\/v2\/types\/page"}],"author":[{"embeddable":true,"href":"https:\/\/hotel-union.cz\/de\/wp-json\/wp\/v2\/users\/2"}],"replies":[{"embeddable":true,"href":"https:\/\/hotel-union.cz\/de\/wp-json\/wp\/v2\/comments?post=376"}],"version-history":[{"count":3,"href":"https:\/\/hotel-union.cz\/de\/wp-json\/wp\/v2\/pages\/376\/revisions"}],"predecessor-version":[{"id":904,"href":"https:\/\/hotel-union.cz\/de\/wp-json\/wp\/v2\/pages\/376\/revisions\/904"}],"wp:attachment":[{"href":"https:\/\/hotel-union.cz\/de\/wp-json\/wp\/v2\/media?parent=376"}],"curies":[{"name":"wp","href":"https:\/\/api.w.org\/{rel}","templated":true}]}}