{"id":262,"date":"2016-08-25T08:50:36","date_gmt":"2016-08-25T07:50:36","guid":{"rendered":"http:\/\/hotel-union.cz\/de\/?page_id=262"},"modified":"2021-06-28T09:53:31","modified_gmt":"2021-06-28T08:53:31","slug":"salonky-2","status":"publish","type":"page","link":"https:\/\/hotel-union.cz\/de\/salonky-2\/","title":{"rendered":"Salonky"},"content":{"rendered":"<div class=\"fusion-fullwidth fullwidth-box fusion-builder-row-1 fusion-parallax-none nonhundred-percent-fullwidth non-hundred-percent-height-scrolling\" style=\"background-color: rgba(255,255,255,0);background-image: url(&quot;\/wp-content\/uploads\/2016\/08\/sprinkles.png&quot;);background-position: left top;background-repeat: repeat;padding-top:20px;padding-right:0px;padding-bottom:20px;padding-left:0px;margin-bottom: 0px;margin-top: 0px;border-width: 0px 0px 0px 0px;border-color:#eae9e9;border-style:solid;\" ><div class=\"fusion-builder-row fusion-row\"><div class=\"fusion-layout-column fusion_builder_column fusion-builder-column-0 fusion_builder_column_1_1 1_1 fusion-one-full fusion-column-first fusion-column-last fusion-column-no-min-height\" style=\"margin-top:0px;margin-bottom:0px;\"><div class=\"fusion-column-wrapper fusion-flex-column-wrapper-legacy\" style=\"background-position:left top;background-repeat:no-repeat;-webkit-background-size:cover;-moz-background-size:cover;-o-background-size:cover;background-size:cover;padding: 0px 0px 0px 0px;\"><div class=\"fusion-sep-clear\"><\/div><div class=\"fusion-separator fusion-full-width-sep\" style=\"margin-left: auto;margin-right: auto;margin-bottom:50px;width:100%;\"><\/div><div class=\"fusion-sep-clear\"><\/div><div class=\"fusion-text fusion-text-1\"><h2 style=\"text-align: center;\">GESCH\u00c4FE<\/h2>\n<\/div><div class=\"fusion-clearfix\"><\/div><\/div><\/div><div class=\"fusion-layout-column fusion_builder_column fusion-builder-column-1 fusion_builder_column_1_1 1_1 fusion-one-full fusion-column-first fusion-column-last\" style=\"margin-top:0px;margin-bottom:20px;\"><div class=\"fusion-column-wrapper fusion-flex-column-wrapper-legacy\" style=\"background-position:left top;background-repeat:no-repeat;-webkit-background-size:cover;-moz-background-size:cover;-o-background-size:cover;background-size:cover;padding: 0px 0px 0px 0px;\"><div class=\"fusion-text fusion-text-2\"><p style=\"text-align: justify;\">Die Verbindung von Essen und Wein ist die Quelle zahlreicher herrlicher \u00dcberraschungen. Diese erfolgreiche Harmonie ist Anlass f\u00fcr eine gute Laune, die f\u00fcr immer mit guten Erinnerungen verbunden ist.<br \/>\nIn unserem stilvollen Restaurant, ge\u00f6ffnet t\u00e4glich 09.00 \u2013 23.00, am Wochenende bis 02.00, und mit einer Kapazit\u00e4t von 120 Pl\u00e4tzen, werden f\u00fcr Sie Spezialit\u00e4ten tschechischer und internationaler K\u00fcche in H\u00f6chstqualit\u00e4t vorbereitet, wir bieten auch Fr\u00fchst\u00fcck, Mittagessen und Abendessen an. In unserer Vinothek f\u00fchren wir sowohl ausgew\u00e4hlte inl\u00e4ndische, also tschechische und m\u00e4hrische Weinmarken, als auch die meistgefragten Weine ausl\u00e4ndischer Herkunft. W\u00e4hrend der Sommermonate steht Ihnen ein Gartenrestaurant mit 40 Pl\u00e4tzen zur Verf\u00fcgung.<\/p>\n<\/div><div class=\"fusion-clearfix\"><\/div><\/div><\/div><div class=\"fusion-layout-column fusion_builder_column fusion-builder-column-2 fusion_builder_column_1_3 1_3 fusion-one-third fusion-column-first\" style=\"width:30.6666%; margin-right: 4%;margin-top:0px;margin-bottom:20px;\"><div class=\"fusion-column-wrapper fusion-flex-column-wrapper-legacy\" style=\"background-position:left top;background-repeat:no-repeat;-webkit-background-size:cover;-moz-background-size:cover;-o-background-size:cover;background-size:cover;padding: 0px 0px 0px 0px;\"><div class=\"imageframe-align-center\"><span class=\" fusion-imageframe imageframe-none imageframe-1 hover-type-zoomin\"><img src=\"\/wp-content\/uploads\/2016\/08\/11-1.jpg\" class=\"img-responsive\"\/><\/span><\/div><div class=\"fusion-clearfix\"><\/div><\/div><\/div><div class=\"fusion-layout-column fusion_builder_column fusion-builder-column-3 fusion_builder_column_1_3 1_3 fusion-one-third\" style=\"width:30.6666%; margin-right: 4%;margin-top:0px;margin-bottom:20px;\"><div class=\"fusion-column-wrapper fusion-flex-column-wrapper-legacy\" style=\"background-position:left top;background-repeat:no-repeat;-webkit-background-size:cover;-moz-background-size:cover;-o-background-size:cover;background-size:cover;padding: 0px 0px 0px 0px;\"><div class=\"imageframe-align-center\"><span class=\" fusion-imageframe imageframe-none imageframe-2 hover-type-zoomin\"><img src=\"\/wp-content\/uploads\/2016\/08\/22.jpg\" class=\"img-responsive\"\/><\/span><\/div><div class=\"fusion-clearfix\"><\/div><\/div><\/div><div class=\"fusion-layout-column fusion_builder_column fusion-builder-column-4 fusion_builder_column_1_3 1_3 fusion-one-third fusion-column-last\" style=\"width:30.6666%;margin-top:0px;margin-bottom:20px;\"><div class=\"fusion-column-wrapper fusion-flex-column-wrapper-legacy\" style=\"background-position:left top;background-repeat:no-repeat;-webkit-background-size:cover;-moz-background-size:cover;-o-background-size:cover;background-size:cover;padding: 0px 0px 0px 0px;\"><div class=\"imageframe-align-center\"><span class=\" fusion-imageframe imageframe-none imageframe-3 hover-type-zoomin\"><img src=\"\/wp-content\/uploads\/2016\/08\/33.jpg\" class=\"img-responsive\"\/><\/span><\/div><div class=\"fusion-clearfix\"><\/div><\/div><\/div><div class=\"fusion-layout-column fusion_builder_column fusion-builder-column-5 fusion_builder_column_1_1 1_1 fusion-one-full fusion-column-first fusion-column-last\" style=\"margin-top:0px;margin-bottom:20px;\"><div class=\"fusion-column-wrapper fusion-flex-column-wrapper-legacy\" style=\"background-position:left top;background-repeat:no-repeat;-webkit-background-size:cover;-moz-background-size:cover;-o-background-size:cover;background-size:cover;padding: 0px 0px 0px 0px;\"><div class=\"fusion-text fusion-text-3\"><p style=\"text-align: justify;\">Der gro\u00dfe Bankettsaal mit 60 Pl\u00e4tzen steht nicht nur f\u00fcr Ihre Hochzeitsfeiern, private Feiern, sondern auch f\u00fcr gesch\u00e4ftliche Verhandlungen bereit. F\u00fcr Schulungen und Pr\u00e4sentationen k\u00f6nnen Sie von insgesamt 3 Salons mit 60, 40 und 20 Pl\u00e4tzen Gebrauch machen.<\/p>\n<\/div><div class=\"fusion-clearfix\"><\/div><\/div><\/div><div class=\"fusion-layout-column fusion_builder_column fusion-builder-column-6 fusion_builder_column_1_3 1_3 fusion-one-third fusion-column-first\" style=\"width:30.6666%; margin-right: 4%;margin-top:0px;margin-bottom:20px;\"><div class=\"fusion-column-wrapper fusion-flex-column-wrapper-legacy\" style=\"background-position:left top;background-repeat:no-repeat;-webkit-background-size:cover;-moz-background-size:cover;-o-background-size:cover;background-size:cover;padding: 0px 0px 0px 0px;\"><div class=\"imageframe-align-center\"><span class=\" fusion-imageframe imageframe-none imageframe-4 hover-type-zoomin\"><img src=\"\/wp-content\/uploads\/2016\/08\/44.jpg\" class=\"img-responsive\"\/><\/span><\/div><div class=\"fusion-clearfix\"><\/div><\/div><\/div><div class=\"fusion-layout-column fusion_builder_column fusion-builder-column-7 fusion_builder_column_1_3 1_3 fusion-one-third\" style=\"width:30.6666%; margin-right: 4%;margin-top:0px;margin-bottom:20px;\"><div class=\"fusion-column-wrapper fusion-flex-column-wrapper-legacy\" style=\"background-position:left top;background-repeat:no-repeat;-webkit-background-size:cover;-moz-background-size:cover;-o-background-size:cover;background-size:cover;padding: 0px 0px 0px 0px;\"><div class=\"imageframe-align-center\"><span class=\" fusion-imageframe imageframe-none imageframe-5 hover-type-zoomin\"><img src=\"\/wp-content\/uploads\/2016\/08\/55.jpg\" class=\"img-responsive\"\/><\/span><\/div><div class=\"fusion-clearfix\"><\/div><\/div><\/div><div class=\"fusion-layout-column fusion_builder_column fusion-builder-column-8 fusion_builder_column_1_3 1_3 fusion-one-third fusion-column-last\" style=\"width:30.6666%;margin-top:0px;margin-bottom:20px;\"><div class=\"fusion-column-wrapper fusion-flex-column-wrapper-legacy\" style=\"background-position:left top;background-repeat:no-repeat;-webkit-background-size:cover;-moz-background-size:cover;-o-background-size:cover;background-size:cover;padding: 0px 0px 0px 0px;\"><div class=\"imageframe-align-center\"><span class=\" fusion-imageframe imageframe-none imageframe-6 hover-type-zoomin\"><img src=\"\/wp-content\/uploads\/2016\/08\/66.jpg\" class=\"img-responsive\"\/><\/span><\/div><div class=\"fusion-clearfix\"><\/div><\/div><\/div><\/div><\/div>\n","protected":false},"excerpt":{"rendered":"","protected":false},"author":2,"featured_media":0,"parent":0,"menu_order":0,"comment_status":"closed","ping_status":"closed","template":"100-width.php","meta":{"ngg_post_thumbnail":0},"yoast_head":"<!-- This site is optimized with the Yoast SEO plugin v16.5 - https:\/\/yoast.com\/wordpress\/plugins\/seo\/ -->\n<title>Salonky - Hotel Union Louny<\/title>\n<meta name=\"robots\" content=\"index, follow, max-snippet:-1, max-image-preview:large, max-video-preview:-1\" \/>\n<link rel=\"canonical\" href=\"https:\/\/hotel-union.cz\/de\/salonky-2\/\" \/>\n<meta property=\"og:locale\" content=\"de_DE\" \/>\n<meta property=\"og:type\" content=\"article\" \/>\n<meta property=\"og:title\" content=\"Salonky - Hotel Union Louny\" \/>\n<meta property=\"og:url\" content=\"https:\/\/hotel-union.cz\/de\/salonky-2\/\" \/>\n<meta property=\"og:site_name\" content=\"Hotel Union Louny\" \/>\n<meta property=\"article:modified_time\" content=\"2021-06-28T08:53:31+00:00\" \/>\n<meta property=\"og:image\" content=\"https:\/\/hotel-union.cz\/wp-content\/uploads\/2016\/08\/11-1.jpg\" \/>\n<meta name=\"twitter:card\" content=\"summary\" \/>\n<meta name=\"twitter:label1\" content=\"Est. reading time\" \/>\n\t<meta name=\"twitter:data1\" content=\"5 minutes\" \/>\n<script type=\"application\/ld+json\" class=\"yoast-schema-graph\">{\"@context\":\"https:\/\/schema.org\",\"@graph\":[{\"@type\":\"WebSite\",\"@id\":\"https:\/\/hotel-union.cz\/#website\",\"url\":\"https:\/\/hotel-union.cz\/\",\"name\":\"Hotel Union Louny\",\"description\":\"Hotel Union Louny je p\\u0159ipraven nab\\u00eddnout na\\u0161im host\\u016fm jen ty nejlep\\u0161\\u00ed slu\\u017eby.\",\"potentialAction\":[{\"@type\":\"SearchAction\",\"target\":\"https:\/\/hotel-union.cz\/?s={search_term_string}\",\"query-input\":\"required name=search_term_string\"}],\"inLanguage\":\"de-DE\"},{\"@type\":\"ImageObject\",\"@id\":\"https:\/\/hotel-union.cz\/de\/salonky-2\/#primaryimage\",\"inLanguage\":\"de-DE\",\"url\":\"\/wp-content\/uploads\/2016\/08\/11-1.jpg\",\"contentUrl\":\"\/wp-content\/uploads\/2016\/08\/11-1.jpg\"},{\"@type\":\"WebPage\",\"@id\":\"https:\/\/hotel-union.cz\/de\/salonky-2\/#webpage\",\"url\":\"https:\/\/hotel-union.cz\/de\/salonky-2\/\",\"name\":\"Salonky - Hotel Union Louny\",\"isPartOf\":{\"@id\":\"https:\/\/hotel-union.cz\/#website\"},\"primaryImageOfPage\":{\"@id\":\"https:\/\/hotel-union.cz\/de\/salonky-2\/#primaryimage\"},\"datePublished\":\"2016-08-25T07:50:36+00:00\",\"dateModified\":\"2021-06-28T08:53:31+00:00\",\"breadcrumb\":{\"@id\":\"https:\/\/hotel-union.cz\/de\/salonky-2\/#breadcrumb\"},\"inLanguage\":\"de-DE\",\"potentialAction\":[{\"@type\":\"ReadAction\",\"target\":[\"https:\/\/hotel-union.cz\/de\/salonky-2\/\"]}]},{\"@type\":\"BreadcrumbList\",\"@id\":\"https:\/\/hotel-union.cz\/de\/salonky-2\/#breadcrumb\",\"itemListElement\":[{\"@type\":\"ListItem\",\"position\":1,\"name\":\"Dom\\u016f\",\"item\":\"https:\/\/hotel-union.cz\/\"},{\"@type\":\"ListItem\",\"position\":2,\"name\":\"Salonky\"}]}]}<\/script>\n<!-- \/ Yoast SEO plugin. -->","_links":{"self":[{"href":"https:\/\/hotel-union.cz\/de\/wp-json\/wp\/v2\/pages\/262"}],"collection":[{"href":"https:\/\/hotel-union.cz\/de\/wp-json\/wp\/v2\/pages"}],"about":[{"href":"https:\/\/hotel-union.cz\/de\/wp-json\/wp\/v2\/types\/page"}],"author":[{"embeddable":true,"href":"https:\/\/hotel-union.cz\/de\/wp-json\/wp\/v2\/users\/2"}],"replies":[{"embeddable":true,"href":"https:\/\/hotel-union.cz\/de\/wp-json\/wp\/v2\/comments?post=262"}],"version-history":[{"count":3,"href":"https:\/\/hotel-union.cz\/de\/wp-json\/wp\/v2\/pages\/262\/revisions"}],"predecessor-version":[{"id":909,"href":"https:\/\/hotel-union.cz\/de\/wp-json\/wp\/v2\/pages\/262\/revisions\/909"}],"wp:attachment":[{"href":"https:\/\/hotel-union.cz\/de\/wp-json\/wp\/v2\/media?parent=262"}],"curies":[{"name":"wp","href":"https:\/\/api.w.org\/{rel}","templated":true}]}}