{"id":258,"date":"2016-08-25T08:44:39","date_gmt":"2016-08-25T07:44:39","guid":{"rendered":"http:\/\/hotel-union.cz\/de\/?page_id=258"},"modified":"2025-08-04T07:07:31","modified_gmt":"2025-08-04T06:07:31","slug":"ubytovani_nj","status":"publish","type":"page","link":"https:\/\/hotel-union.cz\/de\/ubytovani_nj\/","title":{"rendered":"Ubytovani_NJ"},"content":{"rendered":"<p><div class=\"fusion-fullwidth fullwidth-box fusion-builder-row-1 fusion-parallax-none nonhundred-percent-fullwidth non-hundred-percent-height-scrolling\" style=\"background-color: rgba(255,255,255,0);background-image: url(&quot;\/wp-content\/uploads\/2016\/08\/sprinkles.png&quot;);background-position: left top;background-repeat: repeat;padding-top:20px;padding-right:0px;padding-bottom:20px;padding-left:0px;margin-bottom: 0px;margin-top: 0px;border-width: 0px 0px 0px 0px;border-color:#eae9e9;border-style:solid;\" ><div class=\"fusion-builder-row fusion-row\"><div class=\"fusion-layout-column fusion_builder_column fusion-builder-column-0 fusion_builder_column_1_1 1_1 fusion-one-full fusion-column-first fusion-column-last fusion-column-no-min-height\" style=\"margin-top:0px;margin-bottom:0px;\"><div class=\"fusion-column-wrapper fusion-flex-column-wrapper-legacy\" style=\"background-position:left top;background-repeat:no-repeat;-webkit-background-size:cover;-moz-background-size:cover;-o-background-size:cover;background-size:cover;padding: 0px 0px 0px 0px;\"><div class=\"fusion-sep-clear\"><\/div><div class=\"fusion-separator fusion-full-width-sep\" style=\"margin-left: auto;margin-right: auto;margin-bottom:50px;width:100%;\"><\/div><div class=\"fusion-sep-clear\"><\/div><div class=\"fusion-text fusion-text-1\"><h2 style=\"text-align: center;\">Unterkunft<\/h2>\n<\/div><div class=\"fusion-clearfix\"><\/div><\/div><\/div><div class=\"fusion-layout-column fusion_builder_column fusion-builder-column-1 fusion_builder_column_1_1 1_1 fusion-one-full fusion-column-first fusion-column-last\" style=\"margin-top:0px;margin-bottom:20px;\"><div class=\"fusion-column-wrapper fusion-flex-column-wrapper-legacy\" style=\"background-position:left top;background-repeat:no-repeat;-webkit-background-size:cover;-moz-background-size:cover;-o-background-size:cover;background-size:cover;padding: 0px 0px 0px 0px;\"><div class=\"fusion-text fusion-text-2\"><p style=\"text-align: justify;\">Das Hotel Union Louny gew\u00e4hrleistet Ihnen Sie eine angenehme Unterkunft. Das Hotel verf\u00fcgt \u00fcber 26 Zimmer in vier Preiskategorien, Luxus-Suiten, Superior-Zimmer, Standardzimmer und billiger Economy-Zimmer, alle mit eigenem Bad. Die Appartements sind zudem mit Safe und Internet-Anschluss ausgestattet. In unserem stilvollen Restaurant werden f\u00fcr Sie Spezialit\u00e4ten tschechischer und internationaler K\u00fcche in H\u00f6chstqualit\u00e4t vorbereitet, wir bieten Ihnen auch die M\u00f6glichkeit des Fr\u00fchst\u00fccks, der Mittagessen und Abendessen an.<\/p>\n<\/div><div class=\"fusion-clearfix\"><\/div><\/div><\/div><div class=\"fusion-layout-column fusion_builder_column fusion-builder-column-2 fusion_builder_column_1_4 1_4 fusion-one-fourth fusion-column-first\" style=\"width:22%; margin-right: 4%;margin-top:0px;margin-bottom:20px;\"><div class=\"fusion-column-wrapper fusion-flex-column-wrapper-legacy\" style=\"background-position:left top;background-repeat:no-repeat;-webkit-background-size:cover;-moz-background-size:cover;-o-background-size:cover;background-size:cover;padding: 0px 0px 0px 0px;\"><div class=\"imageframe-align-center\"><span class=\" fusion-imageframe imageframe-none imageframe-1 hover-type-zoomin\"><img src=\"\/wp-content\/uploads\/2016\/08\/APARTMAN.jpg\" class=\"img-responsive\"\/><\/span><\/div><div class=\"fusion-sep-clear\"><\/div><div class=\"fusion-separator fusion-full-width-sep\" style=\"margin-left: auto;margin-right: auto;margin-bottom:15px;width:100%;\"><\/div><div class=\"fusion-sep-clear\"><\/div><div class=\"fusion-text fusion-text-3\"><p style=\"text-align: center;\"><strong>Appartement<\/strong><\/p>\n<\/div><div class=\"fusion-clearfix\"><\/div><\/div><\/div><div class=\"fusion-layout-column fusion_builder_column fusion-builder-column-3 fusion_builder_column_1_4 1_4 fusion-one-fourth\" style=\"width:22%; margin-right: 4%;margin-top:0px;margin-bottom:20px;\"><div class=\"fusion-column-wrapper fusion-flex-column-wrapper-legacy\" style=\"background-position:left top;background-repeat:no-repeat;-webkit-background-size:cover;-moz-background-size:cover;-o-background-size:cover;background-size:cover;padding: 0px 0px 0px 0px;\"><div class=\"imageframe-align-center\"><span class=\" fusion-imageframe imageframe-none imageframe-2 hover-type-zoomin\"><img src=\"\/wp-content\/uploads\/2016\/08\/NADSTANDA-1.jpg\" class=\"img-responsive\"\/><\/span><\/div><div class=\"fusion-sep-clear\"><\/div><div class=\"fusion-separator fusion-full-width-sep\" style=\"margin-left: auto;margin-right: auto;margin-bottom:15px;width:100%;\"><\/div><div class=\"fusion-sep-clear\"><\/div><div class=\"fusion-text fusion-text-4\"><p style=\"text-align: center;\"><strong>Zimmer mit erweitertem Standard<\/strong><\/p>\n<\/div><div class=\"fusion-clearfix\"><\/div><\/div><\/div><div class=\"fusion-layout-column fusion_builder_column fusion-builder-column-4 fusion_builder_column_1_4 1_4 fusion-one-fourth\" style=\"width:22%; margin-right: 4%;margin-top:0px;margin-bottom:20px;\"><div class=\"fusion-column-wrapper fusion-flex-column-wrapper-legacy\" style=\"background-position:left top;background-repeat:no-repeat;-webkit-background-size:cover;-moz-background-size:cover;-o-background-size:cover;background-size:cover;padding: 0px 0px 0px 0px;\"><div class=\"imageframe-align-center\"><span class=\" fusion-imageframe imageframe-none imageframe-3 hover-type-zoomin\"><img src=\"http:\/\/hotel-union.cz\/wp-content\/uploads\/2016\/08\/standard.jpg\" class=\"img-responsive\"\/><\/span><\/div><div class=\"fusion-sep-clear\"><\/div><div class=\"fusion-separator fusion-full-width-sep\" style=\"margin-left: auto;margin-right: auto;margin-bottom:15px;width:100%;\"><\/div><div class=\"fusion-sep-clear\"><\/div><div class=\"fusion-text fusion-text-5\"><p style=\"text-align: center;\"><strong>Standard-Zimmer<\/strong><\/p>\n<\/div><div class=\"fusion-clearfix\"><\/div><\/div><\/div><div class=\"fusion-layout-column fusion_builder_column fusion-builder-column-5 fusion_builder_column_1_4 1_4 fusion-one-fourth fusion-column-last\" style=\"width:22%;margin-top:0px;margin-bottom:20px;\"><div class=\"fusion-column-wrapper fusion-flex-column-wrapper-legacy\" style=\"background-position:left top;background-repeat:no-repeat;-webkit-background-size:cover;-moz-background-size:cover;-o-background-size:cover;background-size:cover;padding: 0px 0px 0px 0px;\"><div class=\"imageframe-align-center\"><span class=\" fusion-imageframe imageframe-none imageframe-4 hover-type-zoomin\"><img src=\"http:\/\/hotel-union.cz\/wp-content\/uploads\/2016\/08\/IMG_1563.jpg\" class=\"img-responsive\"\/><\/span><\/div><div class=\"fusion-sep-clear\"><\/div><div class=\"fusion-separator fusion-full-width-sep\" style=\"margin-left: auto;margin-right: auto;margin-bottom:15px;width:100%;\"><\/div><div class=\"fusion-sep-clear\"><\/div><div class=\"fusion-text fusion-text-6\"><p style=\"text-align: center;\"><strong>Economy-Zimmer<\/strong><\/p>\n<\/div><div class=\"fusion-clearfix\"><\/div><\/div><\/div><div class=\"fusion-layout-column fusion_builder_column fusion-builder-column-6 fusion_builder_column_1_1 1_1 fusion-one-full fusion-column-first fusion-column-last fusion-column-no-min-height\" style=\"margin-top:0px;margin-bottom:0px;\"><div class=\"fusion-column-wrapper fusion-flex-column-wrapper-legacy\" style=\"background-position:left top;background-repeat:no-repeat;-webkit-background-size:cover;-moz-background-size:cover;-o-background-size:cover;background-size:cover;padding: 0px 0px 0px 0px;\"><div class=\"fusion-sep-clear\"><\/div><div class=\"fusion-separator fusion-full-width-sep\" style=\"margin-left: auto;margin-right: auto;margin-bottom:30px;width:100%;\"><\/div><div class=\"fusion-sep-clear\"><\/div><div class=\"fusion-text fusion-text-7\"><h2 style=\"text-align: center;\">GALERIE<\/h2>\n<\/div><div class=\"fusion-image-carousel fusion-image-carousel-fixed\"><div class=\"fusion-carousel\" data-autoplay=\"yes\" data-columns=\"5\" data-itemmargin=\"5\" data-itemwidth=\"180\" data-touchscroll=\"yes\" data-imagesize=\"fixed\"><div class=\"fusion-carousel-positioner\"><ul class=\"fusion-carousel-holder\"><li class=\"fusion-carousel-item\"><div class=\"fusion-carousel-item-wrapper\"><div class=\"fusion-image-wrapper hover-type-zoomin\"><img width=\"320\" height=\"202\" src=\"https:\/\/hotel-union.cz\/wp-content\/uploads\/2016\/08\/169660192-320x202.jpg\" class=\"attachment-blog-medium size-blog-medium\" alt=\"\" \/><\/div><\/div><\/li><li class=\"fusion-carousel-item\"><div class=\"fusion-carousel-item-wrapper\"><div class=\"fusion-image-wrapper hover-type-zoomin\"><img width=\"320\" height=\"202\" src=\"https:\/\/hotel-union.cz\/wp-content\/uploads\/2016\/08\/186708264-320x202.jpg\" class=\"attachment-blog-medium size-blog-medium\" alt=\"\" \/><\/div><\/div><\/li><li class=\"fusion-carousel-item\"><div class=\"fusion-carousel-item-wrapper\"><div class=\"fusion-image-wrapper hover-type-zoomin\"><img width=\"320\" height=\"202\" src=\"https:\/\/hotel-union.cz\/wp-content\/uploads\/2016\/08\/187667640-320x202.jpg\" class=\"attachment-blog-medium size-blog-medium\" alt=\"\" \/><\/div><\/div><\/li><li class=\"fusion-carousel-item\"><div class=\"fusion-carousel-item-wrapper\"><div class=\"fusion-image-wrapper hover-type-zoomin\"><img width=\"320\" height=\"202\" src=\"https:\/\/hotel-union.cz\/wp-content\/uploads\/2016\/08\/186708701-320x202.jpg\" class=\"attachment-blog-medium size-blog-medium\" alt=\"\" \/><\/div><\/div><\/li><li class=\"fusion-carousel-item\"><div class=\"fusion-carousel-item-wrapper\"><div class=\"fusion-image-wrapper hover-type-zoomin\"><img width=\"320\" height=\"202\" src=\"https:\/\/hotel-union.cz\/wp-content\/uploads\/2016\/08\/186708345-320x202.jpg\" class=\"attachment-blog-medium size-blog-medium\" alt=\"\" \/><\/div><\/div><\/li><li class=\"fusion-carousel-item\"><div class=\"fusion-carousel-item-wrapper\"><div class=\"fusion-image-wrapper hover-type-zoomin\"><img width=\"320\" height=\"202\" src=\"https:\/\/hotel-union.cz\/wp-content\/uploads\/2016\/08\/186708319-320x202.jpg\" class=\"attachment-blog-medium size-blog-medium\" alt=\"\" \/><\/div><\/div><\/li><li class=\"fusion-carousel-item\"><div class=\"fusion-carousel-item-wrapper\"><div class=\"fusion-image-wrapper hover-type-zoomin\"><img width=\"320\" height=\"202\" src=\"https:\/\/hotel-union.cz\/wp-content\/uploads\/2016\/08\/186708215-320x202.jpg\" class=\"attachment-blog-medium size-blog-medium\" alt=\"\" \/><\/div><\/div><\/li><li class=\"fusion-carousel-item\"><div class=\"fusion-carousel-item-wrapper\"><div class=\"fusion-image-wrapper hover-type-zoomin\"><img width=\"320\" height=\"202\" src=\"https:\/\/hotel-union.cz\/wp-content\/uploads\/2016\/08\/186707781-320x202.jpg\" class=\"attachment-blog-medium size-blog-medium\" alt=\"\" \/><\/div><\/div><\/li><li class=\"fusion-carousel-item\"><div class=\"fusion-carousel-item-wrapper\"><div class=\"fusion-image-wrapper hover-type-zoomin\"><img width=\"320\" height=\"202\" src=\"https:\/\/hotel-union.cz\/wp-content\/uploads\/2016\/08\/186707740-320x202.jpg\" class=\"attachment-blog-medium size-blog-medium\" alt=\"\" \/><\/div><\/div><\/li><li class=\"fusion-carousel-item\"><div class=\"fusion-carousel-item-wrapper\"><div class=\"fusion-image-wrapper hover-type-zoomin\"><img width=\"320\" height=\"202\" src=\"https:\/\/hotel-union.cz\/wp-content\/uploads\/2016\/08\/186707693-320x202.jpg\" class=\"attachment-blog-medium size-blog-medium\" alt=\"\" \/><\/div><\/div><\/li><li class=\"fusion-carousel-item\"><div class=\"fusion-carousel-item-wrapper\"><div class=\"fusion-image-wrapper hover-type-zoomin\"><img width=\"320\" height=\"202\" src=\"https:\/\/hotel-union.cz\/wp-content\/uploads\/2016\/08\/186707115-320x202.jpg\" class=\"attachment-blog-medium size-blog-medium\" alt=\"\" \/><\/div><\/div><\/li><li class=\"fusion-carousel-item\"><div class=\"fusion-carousel-item-wrapper\"><div class=\"fusion-image-wrapper hover-type-zoomin\"><img width=\"320\" height=\"202\" src=\"https:\/\/hotel-union.cz\/wp-content\/uploads\/2016\/08\/179249752-320x202.jpg\" class=\"attachment-blog-medium size-blog-medium\" alt=\"\" \/><\/div><\/div><\/li><li class=\"fusion-carousel-item\"><div class=\"fusion-carousel-item-wrapper\"><div class=\"fusion-image-wrapper hover-type-zoomin\"><img width=\"320\" height=\"202\" src=\"https:\/\/hotel-union.cz\/wp-content\/uploads\/2016\/08\/159544862-320x202.jpg\" class=\"attachment-blog-medium size-blog-medium\" alt=\"\" \/><\/div><\/div><\/li><li class=\"fusion-carousel-item\"><div class=\"fusion-carousel-item-wrapper\"><div class=\"fusion-image-wrapper hover-type-zoomin\"><img width=\"320\" height=\"202\" src=\"https:\/\/hotel-union.cz\/wp-content\/uploads\/2016\/08\/159544822-320x202.jpg\" class=\"attachment-blog-medium size-blog-medium\" alt=\"\" \/><\/div><\/div><\/li><li class=\"fusion-carousel-item\"><div class=\"fusion-carousel-item-wrapper\"><div class=\"fusion-image-wrapper hover-type-zoomin\"><img width=\"320\" height=\"202\" src=\"https:\/\/hotel-union.cz\/wp-content\/uploads\/2016\/08\/159544712-320x202.jpg\" class=\"attachment-blog-medium size-blog-medium\" alt=\"\" \/><\/div><\/div><\/li><li class=\"fusion-carousel-item\"><div class=\"fusion-carousel-item-wrapper\"><div class=\"fusion-image-wrapper hover-type-zoomin\"><img width=\"320\" height=\"202\" src=\"https:\/\/hotel-union.cz\/wp-content\/uploads\/2016\/08\/159544611-320x202.jpg\" class=\"attachment-blog-medium size-blog-medium\" alt=\"\" \/><\/div><\/div><\/li><li class=\"fusion-carousel-item\"><div class=\"fusion-carousel-item-wrapper\"><div class=\"fusion-image-wrapper hover-type-zoomin\"><img width=\"320\" height=\"202\" src=\"https:\/\/hotel-union.cz\/wp-content\/uploads\/2016\/08\/158666022-320x202.jpg\" class=\"attachment-blog-medium size-blog-medium\" alt=\"\" \/><\/div><\/div><\/li><li class=\"fusion-carousel-item\"><div class=\"fusion-carousel-item-wrapper\"><div class=\"fusion-image-wrapper hover-type-zoomin\"><img width=\"320\" height=\"202\" src=\"https:\/\/hotel-union.cz\/wp-content\/uploads\/2016\/08\/157715876-320x202.jpg\" class=\"attachment-blog-medium size-blog-medium\" alt=\"\" \/><\/div><\/div><\/li><li class=\"fusion-carousel-item\"><div class=\"fusion-carousel-item-wrapper\"><div class=\"fusion-image-wrapper hover-type-zoomin\"><img width=\"320\" height=\"202\" src=\"https:\/\/hotel-union.cz\/wp-content\/uploads\/2016\/08\/169660192-320x202.jpg\" class=\"attachment-blog-medium size-blog-medium\" alt=\"\" \/><\/div><\/div><\/li><li class=\"fusion-carousel-item\"><div class=\"fusion-carousel-item-wrapper\"><div class=\"fusion-image-wrapper hover-type-zoomin\"><img width=\"320\" height=\"202\" src=\"https:\/\/hotel-union.cz\/wp-content\/uploads\/2016\/08\/157715638-320x202.jpg\" class=\"attachment-blog-medium size-blog-medium\" alt=\"\" \/><\/div><\/div><\/li><\/ul><div class=\"fusion-carousel-nav\"><span class=\"fusion-nav-prev\"><\/span><span class=\"fusion-nav-next\"><\/span><\/div><\/div><\/div><\/div>\n<div class=\"fusion-clearfix\"><\/div><\/div><\/div><div class=\"fusion-layout-column fusion_builder_column fusion-builder-column-7 fusion_builder_column_1_1 1_1 fusion-one-full fusion-column-first fusion-column-last fusion-column-no-min-height\" style=\"margin-top:0px;margin-bottom:0px;\"><div class=\"fusion-column-wrapper fusion-flex-column-wrapper-legacy\" style=\"background-position:left top;background-repeat:no-repeat;-webkit-background-size:cover;-moz-background-size:cover;-o-background-size:cover;background-size:cover;padding: 0px 0px 0px 0px;\"><div class=\"fusion-sep-clear\"><\/div><div class=\"fusion-separator fusion-full-width-sep\" style=\"margin-left: auto;margin-right: auto;margin-bottom:30px;width:100%;\"><\/div><div class=\"fusion-sep-clear\"><\/div><div class=\"fusion-clearfix\"><\/div><\/div><\/div><div class=\"fusion-layout-column fusion_builder_column fusion-builder-column-8 fusion_builder_column_1_1 1_1 fusion-one-full fusion-column-first fusion-column-last\" style=\"margin-top:0px;margin-bottom:20px;\"><div class=\"fusion-column-wrapper fusion-flex-column-wrapper-legacy\" style=\"background-position:left top;background-repeat:no-repeat;-webkit-background-size:cover;-moz-background-size:cover;-o-background-size:cover;background-size:cover;padding: 0px 0px 0px 0px;\"><div class=\"fusion-text fusion-text-8\"><p style=\"text-align: justify;\">Die romantische Lage des Hotels l\u00e4sst Sie die Geschichte der Stadt sp\u00fcren, den Aufenthalt von interessanten Pers\u00f6nlichkeiten in Louny miterleben, die durch die historischen H\u00e4user flie\u00dfende positive Energie f\u00fchlen. Gerade hier, im historischen Teil der k\u00f6niglichen Stadt, schl\u00e4ft man gut ein. Komfort, sofortiges Erf\u00fcllen der G\u00e4stew\u00fcnsche und die h\u00f6chste Qualit\u00e4t sind die Grundbausteine der im Hotel Union Louny angebotenen Dienstleistungen. Deswegen k\u00f6nnen Sie bereits die Bestellung der Unterkunft einschlie\u00dflich der Spezifizierung der angeforderten Dienstleistungen direkt von Ihrem B\u00fcro oder von zu Hause aus mittels der Online-Reservierung abwickeln. Nach Vereinbarung kann f\u00fcr regelm\u00e4\u00dfige G\u00e4ste oder bei Gruppenaufenthalt ein Preisnachlass f\u00fcr die angebotenen Dienstleistungen gew\u00e4hrt werden. F\u00fcr weitere Informationen rufen Sie bitte Herrn Mag. Miroslav Kucera unter der Telefonnummer +420 777 103 462 an.<\/p>\n<p style=\"text-align: center;\"><strong>Die Preise beinhalten Fr\u00fchst\u00fcck, WIFI Internet und Mehrwertsteuer.<\/strong><\/p>\n<\/div><div class=\"fusion-clearfix\"><\/div><\/div><\/div><div class=\"fusion-layout-column fusion_builder_column fusion-builder-column-9 fusion_builder_column_1_1 1_1 fusion-one-full fusion-column-first fusion-column-last\" style=\"margin-top:0px;margin-bottom:20px;\"><div class=\"fusion-column-wrapper fusion-flex-column-wrapper-legacy\" style=\"background-position:left top;background-repeat:no-repeat;-webkit-background-size:cover;-moz-background-size:cover;-o-background-size:cover;background-size:cover;padding: 0px 0px 0px 0px;\"><div class=\"fusion-text fusion-text-9\"><h2>Wir bieten<\/h2>\n<p><strong>Einzelzimmer<\/strong> &#8211; 1 500,- K\u010d<\/p>\n<p><strong>Doppelzimmer:<\/strong><\/p>\n<ul>\n<li><strong>A &#8211; standard<\/strong> &#8211; Preis f\u00fcr 1 Person 1 600,- K\u010d \/ 2 Personen 2 100,- K\u010d<\/li>\n<li><strong>B &#8211; superior<\/strong> &#8211; Preis f\u00fcr 1 Person 1 700,- K\u010d \/ 2 Personen 2 400,- K\u010d<\/li>\n<li><strong>C &#8211; apartment<\/strong> &#8211; Preis f\u00fcr 1 Person 1 700,- K\u010d \/ 2 Personen 2 400,- K\u010d<\/li>\n<\/ul>\n<p><strong>Dreibettzimmer<\/strong> &#8211; Preis f\u00fcr 1 Person &#8211; 2 000,- K\u010d \/ 2 Personen 2 500,- K\u010d \/ 3 Personen 3 200,- K\u010d<\/p>\n<p><strong>VIP apartment<\/strong> &#8211; Preis f\u00fcr 1 Person &#8211; 2 000,- K\u010d \/ 2 Personen 2 750,- K\u010d<\/p>\n<p>Die Preise beinhalten Fr\u00fchst\u00fccksbuffet<\/p>\n<p>Preis f\u00fcr Zustellbett 500,- K\u010d inklusive Fr\u00fchst\u00fcck.<\/p>\n<p>Fr\u00fchst\u00fcck 200,- K\u010d<\/p>\n<p>Mietpreis der Lounge 8000,- K\u010d \/ Tag (10.00-22.00)<\/p>\n<\/div><div class=\"fusion-clearfix\"><\/div><\/div><\/div><div class=\"fusion-layout-column fusion_builder_column fusion-builder-column-10 fusion_builder_column_1_1 1_1 fusion-one-full fusion-column-first fusion-column-last fusion-column-no-min-height\" style=\"margin-top:0px;margin-bottom:0px;\"><div class=\"fusion-column-wrapper fusion-flex-column-wrapper-legacy\" style=\"background-position:left top;background-repeat:no-repeat;-webkit-background-size:cover;-moz-background-size:cover;-o-background-size:cover;background-size:cover;padding: 0px 0px 0px 0px;\"><div class=\"fusion-text fusion-text-10\"><p style=\"text-align: center;\">F\u00fcr <strong>Langzeitunterk\u00fcnfte<\/strong> oder <strong>Gruppenunterk\u00fcnfte<\/strong> bieten wir <strong>individuelle Rabatte<\/strong> unter Tel.: <a href=\"tel:777103499\">+420 777 103 499<\/a><\/p>\n<\/div><div class=\"fusion-clearfix\"><\/div><\/div><\/div><\/div><\/div><div class=\"fusion-fullwidth fullwidth-box fusion-builder-row-2 hundred-percent-fullwidth non-hundred-percent-height-scrolling\" style=\"background-color: rgba(255,255,255,0);background-position: center center;background-repeat: no-repeat;padding-top:0px;padding-right:30px;padding-bottom:0px;padding-left:30px;margin-bottom: 0px;margin-top: 0px;border-width: 0px 0px 0px 0px;border-color:#eae9e9;border-style:solid;\" ><div class=\"fusion-builder-row fusion-row\"><div class=\"fusion-layout-column fusion_builder_column fusion-builder-column-11 fusion_builder_column_1_1 1_1 fusion-one-full fusion-column-first fusion-column-last fusion-column-no-min-height\" style=\"margin-top:0px;margin-bottom:0px;\"><div class=\"fusion-column-wrapper fusion-flex-column-wrapper-legacy\" style=\"background-position:left top;background-repeat:no-repeat;-webkit-background-size:cover;-moz-background-size:cover;-o-background-size:cover;background-size:cover;padding: 0px 0px 0px 0px;\"><div class=\"fusion-sep-clear\"><\/div><div class=\"fusion-separator fusion-full-width-sep\" style=\"margin-left: auto;margin-right: auto;width:100%;\"><\/div><div class=\"fusion-sep-clear\"><\/div><div class=\"fusion-clearfix\"><\/div><\/div><\/div><\/div><style type=\"text\/css\">.fusion-fullwidth.fusion-builder-row-2 { overflow:visible; }<\/style><\/div><\/p>\n","protected":false},"excerpt":{"rendered":"","protected":false},"author":2,"featured_media":0,"parent":0,"menu_order":0,"comment_status":"closed","ping_status":"closed","template":"100-width.php","meta":{"ngg_post_thumbnail":0},"yoast_head":"<!-- This site is optimized with the Yoast SEO plugin v16.5 - https:\/\/yoast.com\/wordpress\/plugins\/seo\/ -->\n<title>Ubytovani_NJ - Hotel Union Louny<\/title>\n<meta name=\"robots\" content=\"index, follow, max-snippet:-1, max-image-preview:large, max-video-preview:-1\" \/>\n<link rel=\"canonical\" href=\"https:\/\/hotel-union.cz\/de\/ubytovani_nj\/\" \/>\n<meta property=\"og:locale\" content=\"de_DE\" \/>\n<meta property=\"og:type\" content=\"article\" \/>\n<meta property=\"og:title\" content=\"Ubytovani_NJ - Hotel Union Louny\" \/>\n<meta property=\"og:url\" content=\"https:\/\/hotel-union.cz\/de\/ubytovani_nj\/\" \/>\n<meta property=\"og:site_name\" content=\"Hotel Union Louny\" \/>\n<meta property=\"article:modified_time\" content=\"2025-08-04T06:07:31+00:00\" \/>\n<meta property=\"og:image\" content=\"https:\/\/hotel-union.cz\/wp-content\/uploads\/2016\/08\/APARTMAN.jpg\" \/>\n<meta name=\"twitter:card\" content=\"summary\" \/>\n<meta name=\"twitter:label1\" content=\"Est. reading time\" \/>\n\t<meta name=\"twitter:data1\" content=\"6 minutes\" \/>\n<script type=\"application\/ld+json\" class=\"yoast-schema-graph\">{\"@context\":\"https:\/\/schema.org\",\"@graph\":[{\"@type\":\"WebSite\",\"@id\":\"https:\/\/hotel-union.cz\/#website\",\"url\":\"https:\/\/hotel-union.cz\/\",\"name\":\"Hotel Union Louny\",\"description\":\"Hotel Union Louny je p\\u0159ipraven nab\\u00eddnout na\\u0161im host\\u016fm jen ty nejlep\\u0161\\u00ed slu\\u017eby.\",\"potentialAction\":[{\"@type\":\"SearchAction\",\"target\":\"https:\/\/hotel-union.cz\/?s={search_term_string}\",\"query-input\":\"required name=search_term_string\"}],\"inLanguage\":\"de-DE\"},{\"@type\":\"ImageObject\",\"@id\":\"https:\/\/hotel-union.cz\/de\/ubytovani_nj\/#primaryimage\",\"inLanguage\":\"de-DE\",\"url\":\"\/wp-content\/uploads\/2016\/08\/APARTMAN.jpg\",\"contentUrl\":\"\/wp-content\/uploads\/2016\/08\/APARTMAN.jpg\"},{\"@type\":\"WebPage\",\"@id\":\"https:\/\/hotel-union.cz\/de\/ubytovani_nj\/#webpage\",\"url\":\"https:\/\/hotel-union.cz\/de\/ubytovani_nj\/\",\"name\":\"Ubytovani_NJ - Hotel Union Louny\",\"isPartOf\":{\"@id\":\"https:\/\/hotel-union.cz\/#website\"},\"primaryImageOfPage\":{\"@id\":\"https:\/\/hotel-union.cz\/de\/ubytovani_nj\/#primaryimage\"},\"datePublished\":\"2016-08-25T07:44:39+00:00\",\"dateModified\":\"2025-08-04T06:07:31+00:00\",\"breadcrumb\":{\"@id\":\"https:\/\/hotel-union.cz\/de\/ubytovani_nj\/#breadcrumb\"},\"inLanguage\":\"de-DE\",\"potentialAction\":[{\"@type\":\"ReadAction\",\"target\":[\"https:\/\/hotel-union.cz\/de\/ubytovani_nj\/\"]}]},{\"@type\":\"BreadcrumbList\",\"@id\":\"https:\/\/hotel-union.cz\/de\/ubytovani_nj\/#breadcrumb\",\"itemListElement\":[{\"@type\":\"ListItem\",\"position\":1,\"name\":\"Dom\\u016f\",\"item\":\"https:\/\/hotel-union.cz\/\"},{\"@type\":\"ListItem\",\"position\":2,\"name\":\"Ubytovani_NJ\"}]}]}<\/script>\n<!-- \/ Yoast SEO plugin. -->","_links":{"self":[{"href":"https:\/\/hotel-union.cz\/de\/wp-json\/wp\/v2\/pages\/258"}],"collection":[{"href":"https:\/\/hotel-union.cz\/de\/wp-json\/wp\/v2\/pages"}],"about":[{"href":"https:\/\/hotel-union.cz\/de\/wp-json\/wp\/v2\/types\/page"}],"author":[{"embeddable":true,"href":"https:\/\/hotel-union.cz\/de\/wp-json\/wp\/v2\/users\/2"}],"replies":[{"embeddable":true,"href":"https:\/\/hotel-union.cz\/de\/wp-json\/wp\/v2\/comments?post=258"}],"version-history":[{"count":25,"href":"https:\/\/hotel-union.cz\/de\/wp-json\/wp\/v2\/pages\/258\/revisions"}],"predecessor-version":[{"id":983,"href":"https:\/\/hotel-union.cz\/de\/wp-json\/wp\/v2\/pages\/258\/revisions\/983"}],"wp:attachment":[{"href":"https:\/\/hotel-union.cz\/de\/wp-json\/wp\/v2\/media?parent=258"}],"curies":[{"name":"wp","href":"https:\/\/api.w.org\/{rel}","templated":true}]}}